{"id":12,"date":"2015-05-21T14:13:29","date_gmt":"2015-05-21T14:13:29","guid":{"rendered":"http:\/\/www.brandexponents.com\/oshin-demo\/v13\/?page_id=5"},"modified":"2025-07-16T02:21:05","modified_gmt":"2025-07-16T02:21:05","slug":"sensibit","status":"publish","type":"page","link":"https:\/\/sensibit.com.mx\/","title":{"rendered":"Sensibit"},"content":{"rendered":"<div class=\"be-section   be-bg-cover be-bg-parallax   full-screen-section  clearfix\" data-headerscheme=\"background--light\" style=\" background:#d0eae9 url(https:\/\/sensibit.com.mx\/wp-content\/uploads\/2015\/05\/bg-2.jpg) no-repeat scroll center center;\" id = \"inicio\" ><div class=\"full-screen-section-wrap\"><div class=\"be-section-pad clearfix \" style=\" padding-top:120px;padding-bottom:120px;\" data-padding-top = \"120\"><div  class=\"be-row be-wrap clearfix \"><div  class=\"two-third column-block  no-background be-bg-cover   \" data-animation=\"\" style=\"  \"><div class=\"be-custom-column-inner\"><div class=\"be-text-block be-animate \" data-animation=\"fadeInDown\"><h2><img class=\"alignnone wp-image-62 size-full\" src=\"http:\/\/sensibit.com.mx\/wp-content\/uploads\/2015\/05\/sensibit_logo-1.png\" width=\"752\" height=\"293\"><\/h2>\n<h3>Vive Libre,&nbsp;<span style=\"color: #003366;\">Vive sin Alergias<\/span><\/h3>\n<h5><span style=\"color: #003366;\">La primera Loratadina Orodispersable en M\u00e9xico<br \/>\n<\/span><\/h5>\n<p><span style=\"color: #000000;\">Sean bienvenidos a la p\u00e1gina alergias.com.mx en la cual encontrar\u00e1s consejos pr\u00e1cticos, que pueden auxiliar de alguna manera a todo aquel conectado con las numerosas facetas la enfermedad al\u00e9rgica<\/span><\/p>\n<\/div><\/div><\/div><div  class=\"one-third column-block  no-background    \" data-animation=\"\" style=\"  \"><div class=\"be-custom-column-pad\" style=\"padding-top: 5%;padding-right: 20%;padding-bottom: 10%;padding-left: 10%;\"><\/div><\/div><\/div><\/div><\/div><\/div><div class=\"be-section       full-screen-section  clearfix\" data-headerscheme=\"background--dark\" style=\" \" id = \"sensibit\" ><div class=\"full-screen-section-wrap\"><div class=\"be-section-pad clearfix be-edge-padding\" style=\" padding-top:90px;padding-bottom:90px;padding-left:20%; padding-right:20%;\" data-padding-top = \"90\"><div  class=\"be-row be-wrap clearfix \"><div  class=\"one-col column-block clearfix  no-background    \" data-animation=\"\" style=\"  \"><div class=\"be-custom-column-inner\"><div class=\"be-text-block be-animate \" data-animation=\"zoomIn\"><div class=\"be-text-inner clearfix\" style=\"width: 900px%; margin: 0 auto 30px;\"><p><img class=\"size-full wp-image-3118 aligncenter\" src=\"http:\/\/sensibit.com.mx\/wp-content\/uploads\/2016\/04\/product-shot-1.png\" width=\"960\"><\/p>\n<\/div><\/div><div class=\"be-text-block be-animate \" data-animation=\"slideInLeft\"><div class=\"be-text-inner clearfix\" style=\"width: 800px%; margin: 0 auto 30px;\"><h3 style=\"text-align: center;\">Alivia las alergias sin sue\u00f1o con acci\u00f3n prologanda por 24 hrs<\/h3>\n<p style=\"text-align: center;\">El primer producto de venta sin receta m\u00e9dica que alivia los sintomas de la alergia sin producir sue\u00f1o<\/p>\n<\/div><\/div><\/div><\/div><\/div><\/div><\/div><\/div><div class=\"be-section   be-bg-cover      clearfix\" data-headerscheme=\"background--dark\" style=\" background:#222222 url(https:\/\/sensibit.com.mx\/wp-content\/uploads\/2015\/05\/bg-new-2.jpg) repeat-y scroll center center;\"  ><div class=\"be-section-pad clearfix \" style=\" padding-top:90px;padding-bottom:90px;\" data-padding-top = \"90\"><div  class=\"be-row be-wrap clearfix \"><div  class=\"one-third column-block  no-background    \" data-animation=\"\" style=\"  \"><div class=\"be-custom-column-inner\"><div class=\"be-text-block be-animate \" data-animation=\"zoomIn\"><div class=\"be-text-inner clearfix\" style=\"width: 65%; margin: 0 auto 30px;\"><h2 style=\"text-align: center;\"><span style=\"color: #800000;\">Eficaz<\/span><\/h2>\n<p style=\"text-align: center;\">Brinda 24 horas de protecci\u00f3n en<br \/>\nRinitis al\u00e9rgica \u2022 Urticaria \u2022 Dermatitis at\u00f3pica<\/p>\n<\/div><\/div><\/div><\/div><div  class=\"one-third column-block  no-background    \" data-animation=\"\" style=\"  \"><div class=\"be-custom-column-inner\"><div class=\"be-text-block be-animate \" data-animation=\"zoomIn\"><div class=\"be-text-inner clearfix\" style=\"width: 65%; margin: 0 auto 30px;\"><h2 style=\"text-align: center;\"><span style=\"color: #800000;\">Seguro<\/span><\/h2>\n<p style=\"text-align: center;\">Sin efecto sedante,<br \/>\nprobado incluso en pilotos a\u00e9reos<\/p>\n<\/div><\/div><\/div><\/div><div  class=\"one-third column-block  no-background    \" data-animation=\"\" style=\"  \"><div class=\"be-custom-column-inner\"><div class=\"be-text-block be-animate \" data-animation=\"zoomIn\"><div class=\"be-text-inner clearfix\" style=\"width: 65%; margin: 0 auto 30px;\"><h2 style=\"text-align: center;\"><span style=\"color: #800000;\">F\u00e1cil<\/span><\/h2>\n<p style=\"text-align: center;\">No requiere agua ni masticarse,<br \/>\nse disuelve en segundos<\/p>\n<\/div><\/div><\/div><\/div><\/div><\/div><\/div><div class=\"be-section   be-bg-cover    full-screen-section  clearfix\" data-headerscheme=\"background--light\" style=\" background-color: #f1f0eb;\" id = \"quees\" ><div class=\"full-screen-section-wrap\"><div class=\"be-section-pad clearfix \" style=\" padding-top:120px;padding-bottom:120px;\" data-padding-top = \"120\"><div  class=\"be-row  zero-bottom be-no-space \"><div  class=\"one-half column-block  no-background    \" data-animation=\"\" style=\"  \"><div class=\"be-custom-column-pad\" style=\"padding-top: 5%;padding-right: 7%;padding-bottom: 10%;padding-left: 25%;\"><div class=\"be-text-block be-animate \" data-animation=\"slideInLeft\"><h4>\u00bfQu\u00e9 es una&nbsp;alergia?<\/h4>\n<p><strong>Una alergia es una reacci\u00f3n de su sistema inmunitario hacia algo que no molesta a la mayor\u00eda de las dem\u00e1s personas. Quienes tienen alergias suelen ser sensibles a m\u00e1s de una cosa.<\/strong>&nbsp;Normalmente, su sistema inmunitario combate los g\u00e9rmenes. Es el sistema de defensa de su cuerpo. Sin embargo, en la mayor\u00eda de las reacciones al\u00e9rgicas responde a una falsa alarma. Los genes y el medio ambiente probablemente tienen un rol en las alergias.<\/p>\n<p><strong>S\u00edntomas:<\/strong>&nbsp;Las alergias pueden provocar una serie de s\u00edntomas como goteos nasales, estornudos, picaz\u00f3n, sarpullidos, edema (hinchaz\u00f3n) o asma.<\/p>\n<p><em><strong>Fuente:<\/strong> <a href=\"https:\/\/www.nlm.nih.gov\/medlineplus\/spanish\/ency\/article\/002229.htm\">Biblioteca Nacional de Medicina de los EE.UU.<\/a><\/em><\/p>\n<\/div><\/div><\/div><div  class=\"one-half column-block  no-background be-bg-cover   \" data-animation=\"\" style=\"  \"><div class=\"be-custom-column-pad\" style=\"padding-top: 15%;padding-right: 20%;padding-bottom: 10%;\"><div class=\"be-text-block be-animate \" data-animation=\"slideInLeft\"><h4>Al\u00e9rgenos<\/h4>\n<p>Es una sustancia que puede provocar una reacci\u00f3n al\u00e9rgica. En algunas personas, el sistema inmunitario considera a los al\u00e9rgenos como &#8220;extra\u00f1os&#8221; o &#8220;peligrosos&#8221;. Como resultado, el sistema inmunitario reacciona haciendo un anticuerpo llamado IgE para defenderse en contra del al\u00e9rgeno. Esta reacci\u00f3n provoca los s\u00edntomas de alergia.<br \/>\n<br \/>\n<strong>Los al\u00e9rgenos comunes incluyen:<\/strong><br \/>\n\u2022 Caspa y prote\u00ednas de animales<br \/>\n\u2022 Polvo<br \/>\n\u2022 Medicamentos (como antibi\u00f3ticos o medicamentos que se aplican sobre la piel)<br \/>\n\u2022 Alimentos (como huevo, man\u00ed, leche, nueces, soya, pescado, carne de animal y trigo)<br \/>\n\u2022 Esporas f\u00fangicas<br \/>\n\u2022 Heces de insectos y \u00e1caros<br \/>\n\u2022 Piquetes y mordeduras de insectos (su veneno)<br \/>\n\u2022 L\u00e1tex de hule natural<br \/>\n\u2022 Polen<\/p>\n<\/div><\/div><\/div><\/div><\/div><\/div><\/div><div class=\"be-section         clearfix\" data-headerscheme=\"background--dark\" style=\" background-color: #eaeaea;\" id = \"alergia\" ><div class=\"be-section-pad clearfix \" style=\" padding-top:90px;padding-bottom:90px;\" data-padding-top = \"90\"><div  class=\"be-row be-wrap clearfix \"><div  class=\"one-third column-block  no-background    \" data-animation=\"\" style=\"  \"><div class=\"be-custom-column-inner\"><h4 style=\"text-align: center;\">Alergia a la comida<\/h4>\n<p>La alergia a las comidas es una respuesta anormal a un alimento desencadenada por el sistema inmunitario del cuerpo.<br \/>\nEn adultos, los alimentos que desencadenan m\u00e1s reacciones al\u00e9rgicas son: pescado, mariscos, man\u00ed y frutas secas como las nueces. En los ni\u00f1os, pueden ser los huevos, leche, man\u00ed, frutas secas, soja y trigo.<\/p>\n<p><strong>Los s\u00edntomas de una alergia a un alimento incluyen:<\/strong><\/p>\n<ul type=\"disc\">\n<li>&nbsp;Picaz\u00f3n e hinchaz\u00f3n de la boca<\/li>\n<li>&nbsp;V\u00f3mito, diarrea o c\u00f3licos abdominales y dolor<\/li>\n<li>&nbsp;Sarpullido o eccema<\/li>\n<li>&nbsp;Sentir la garganta apretada y dificultad para respirar<\/li>\n<li>&nbsp;Disminuci\u00f3n de la presi\u00f3n sangu\u00ednea<\/li>\n<\/ul>\n<p>Si una persona sabe que tiene alergia a un alimento, debe estar preparada para lidiar con una exposici\u00f3n accidental a la misma. Puede ayudar usar un brazalete o collar con informaci\u00f3n sobre la alergia y llevar consigo una inyecci\u00f3n de epinefrina (adrenalina).&nbsp;Fuente: <a href=\"https:\/\/www.nlm.nih.gov\/medlineplus\/spanish\/foodallergy.html\">Biblioteca Nacional de Medicina de los EE.UU.<\/a><\/p>\n<\/div><\/div><div  class=\"one-third column-block  no-background    \" data-animation=\"\" style=\"  \"><div class=\"be-custom-column-inner\"><h4 style=\"text-align: center;\">Alergia a los insectos<\/h4>\n<p>Para un grupo reducido de personas con alergia al veneno, las picaduras pueden ser mortales. Esta reacci\u00f3n se llama anafilaxia, y los s\u00edntomas pueden incluir dos o m\u00e1s de las siguientes reacciones: picaz\u00f3n y urticaria, hinchaz\u00f3n de la garganta o lengua, dificultad para respirar, mareo, calambres estomacales, n\u00e1useas o diarrea. En los casos graves, una r\u00e1pida ca\u00edda en la presi\u00f3n arterial puede producir un shock y la p\u00e9rdida de la conciencia.<br \/>\nLa anafilaxia es una emergencia m\u00e9dica y puede causar la muerte. Si tiene estos s\u00edntomas luego de la picadura de un insecto, consulte a un m\u00e9dico con urgencia. Luego de este tratamiento, deber\u00eda solicitar que lo deriven a un alergista\/inmun\u00f3logo, al que a menudo se llama alergista, para que le explique c\u00f3mo estar seguro en el futuro.<\/p>\n<ul type=\"disc\">\n<li>&nbsp;Los s\u00edntomas de una picadura de insecto no al\u00e9rgica incluyen enrojecimiento, hinchaz\u00f3n y\/o picaz\u00f3n en la zona de la picadura.<\/li>\n<li>&nbsp;Los s\u00edntomas de una reacci\u00f3n al\u00e9rgica pueden incluir picaz\u00f3n y urticaria, hinchaz\u00f3n de la garganta o lengua, dificultad para respirar, mareo, calambres estomacales, n\u00e1useas o diarrea.<\/li>\n<\/ul>\n<p>Fuente: <a href=\"http:\/\/www.aaaai.org\/global\/spanish-materials\/Library\/At-a-Glance\/Stinging-Insect-Allergy-Tips-to-Remember.aspx\">American Academy of Allergy Asthma &amp; Immunology<\/a><\/p>\n<\/div><\/div><div  class=\"one-third column-block  no-background    \" data-animation=\"\" style=\"  \"><div class=\"be-custom-column-inner\"><h4 style=\"text-align: center;\">Alergia a los f\u00e1rmacos<\/h4>\n<p>Las reacciones adversas (significa indeseables o inesperadas) a los f\u00e1rmacos son comunes y casi cualquier f\u00e1rmaco puede causarlas. Las reacciones van desde una irritaci\u00f3n o efectos secundarios leves, tales como n\u00e1useas y v\u00f3mitos, hasta una anafilaxia potencialmente mortal.<br \/>\nUna verdadera alergia farmacol\u00f3gica es causada por&nbsp;una serie de pasos qu\u00edmicos en&nbsp;el cuerpo que produce la reacci\u00f3n al\u00e9rgica a un medicamento.<\/p>\n<p><strong>Los s\u00edntomas comunes de una alergia farmacol\u00f3gica abarcan:<\/strong><br \/>\n\u2022 Ronchas o urticaria<br \/>\n\u2022 Picaz\u00f3n en la piel o en los ojos (com\u00fan)<br \/>\n\u2022 Erupciones cut\u00e1neas (com\u00fan)<br \/>\n\u2022 Hinchaz\u00f3n de los labios, la lengua o la cara<br \/>\n\u2022 Sibilancias<\/p>\n<p>Fuente: <a href=\"https:\/\/www.nlm.nih.gov\/medlineplus\/spanish\/ency\/article\/000819.htm\">Biblioteca Nacional de Medicina de los EE.UU.<\/a><\/p>\n<\/div><\/div><\/div><\/div><\/div><div class=\"be-section         clearfix\" data-headerscheme=\"background--dark\" style=\" background-color: #2d2d2d;\" id = \"alergia\" ><div class=\"be-section-pad clearfix \" style=\" padding-top:90px;padding-bottom:90px;\" data-padding-top = \"90\"><div  class=\"be-row be-wrap clearfix \"><div  class=\"one-col column-block clearfix  no-background    \" data-animation=\"\" style=\"  \"><div class=\"be-custom-column-inner\"><h4 style=\"text-align: center;\"><span style=\"color: #ffffff;\">Tengo alergia, \u00bfQu\u00e9 puedo hacer?<\/span><\/h4>\n<p style=\"text-align: center;\"><span style=\"color: #ffffff;\">El tratamiento var\u00eda con la severidad y el tipo de s\u00edntoma al\u00e9rgico. La primera acci\u00f3n a tomar es evitar el alergeno si es posible. Medicamentos tales como los antihistam\u00ednicos por lo general se prescriben para aliviar los s\u00edntomas de la alergia. La inmunoterapia, o &#8220;vacunas de alergia&#8221;, se recomienda en ocasiones si no se puede evitar el alergeno. \u00c9sta incluye inyecciones regulares del alergeno, administradas en dosis crecientes que pueden &#8220;desensibilizar&#8221; el organismo al al\u00e9rgeno.<\/span><\/p>\n<p style=\"text-align: center;\"><span style=\"color: #ffffff;\">Fuente: <a style=\"color: #ffffff;\" href=\"https:\/\/www.nlm.nih.gov\/medlineplus\/spanish\/ency\/esp_imagepages\/19335.html\">Biblioteca Nacional de Medicina de los EE.UU.<\/a><\/span><\/p>\n<\/div><\/div><\/div><\/div><\/div><div class=\"be-section         clearfix\" data-headerscheme=\"background--dark\" style=\" \" id = \"deventa\" ><div class=\"be-section-pad clearfix be-edge-padding\" style=\" padding-top:120px;padding-bottom:90px;padding-left:20%; padding-right:20%;\" data-padding-top = \"120\"><div  class=\"be-row be-wrap clearfix \"><div  class=\"one-col column-block clearfix  no-background    \" data-animation=\"\" style=\"  \"><div class=\"be-custom-column-inner\"><h3 style=\"text-align: center;\">De venta en las principales farmacias y tiendas de autoservicio del pa\u00eds<\/h3>\n<\/div><\/div><\/div><div  class=\"be-row be-wrap clearfix \"><div  class=\"one-fourth column-block  no-background    \" data-animation=\"\" style=\"  \"><div class=\"be-custom-column-inner\"><p><a href=\"https:\/\/www.farmaciasanpablo.com.mx\/medicamentos\/gripe-y-tos\/antialergicas\/sensibit\/p\/000000000007550252\" target=\"_blank\" rel=\"noopener\"><img class=\"aligncenter\" src=\"http:\/\/sensibit.com.mx\/wp-content\/uploads\/2019\/04\/Logo-Farmacia-San-Pablo.svg\" alt=\"\" width=\"220\" height=\"220\"><\/a><\/p>\n<div class=\"icon-shortcode align-center\"><a href=\"https:\/\/www.farmaciasanpablo.com.mx\/medicamentos\/gripe-y-tos\/antialergicas\/sensibit\/p\/000000000007550252\" class=\"icon-shortcode icon-plain  \" data-animation=\"fadeIn\" target=\"_blank\"><i class=\"font-icon icon-cart2 small plain\" style=\"color:#000000;\" data-color=\"#000000\" data-hover-color=\"#d8e041\"><\/i><\/a><\/div><\/div><\/div><div  class=\"one-fourth column-block  no-background    \" data-animation=\"\" style=\"  \"><div class=\"be-custom-column-inner\"><p><a href=\"https:\/\/www.fahorro.com\/sensibit-10-mg-oral-20-tabletas.html\" target=\"_blank\" rel=\"noopener\"><img class=\"aligncenter wp-image-70 size-full\" src=\"http:\/\/sensibit.com.mx\/wp-content\/uploads\/2019\/04\/Farmacias-del-Ahorro-Logo.svg\" alt=\"\" width=\"220\" height=\"220\"><br \/>\n<\/a><\/p>\n<div class=\"icon-shortcode align-center\"><a href=\"https:\/\/www.fahorro.com\/sensibit-10-mg-oral-20-tabletas.html\" class=\"icon-shortcode icon-plain  \" data-animation=\"fadeIn\" target=\"_blank\"><i class=\"font-icon icon-cart2 small plain\" style=\"color:#000000;\" data-color=\"#000000\" data-hover-color=\"#d8e041\"><\/i><\/a><\/div><\/div><\/div><div  class=\"one-fourth column-block  no-background    \" data-animation=\"\" style=\"  \"><div class=\"be-custom-column-inner\"><p><a href=\"https:\/\/www.benavides.com.mx\/sensibit-t-10-mg-10-tabletas\" target=\"_blank\" rel=\"noopener\"><img class=\"aligncenter wp-image-75 size-full\" src=\"http:\/\/sensibit.com.mx\/wp-content\/uploads\/2019\/04\/Logo-Farmacias-Benavides.svg\" alt=\"\" width=\"220\" height=\"220\"><br \/>\n<\/a><\/p>\n<div class=\"icon-shortcode align-center\"><a href=\"https:\/\/www.benavides.com.mx\/sensibit-t-10-mg-10-tabletas\" class=\"icon-shortcode icon-plain  \" data-animation=\"fadeIn\" target=\"_blank\"><i class=\"font-icon icon-cart2 small plain\" style=\"color:#000000;\" data-color=\"#000000\" data-hover-color=\"#d8e041\"><\/i><\/a><\/div><\/div><\/div><div  class=\"one-fourth column-block  no-background    \" data-animation=\"\" style=\"  \"><div class=\"be-custom-column-inner\"><p><a href=\"https:\/\/www.farmaciasguadalajara.com\/sensibit-10mg-10-tabletas-867098\" target=\"_blank\" rel=\"noopener\"><img class=\"aligncenter wp-image-71 size-full\" src=\"http:\/\/sensibit.com.mx\/wp-content\/uploads\/2019\/04\/Logo-Farmacia-Guadalajara.svg\" alt=\"\" width=\"220\" height=\"220\"><br \/>\n<\/a><\/p>\n<div class=\"icon-shortcode align-center\"><a href=\"https:\/\/www.farmaciasguadalajara.com\/sensibit-10mg-10-tabletas-867098\" class=\"icon-shortcode icon-plain  \" data-animation=\"fadeIn\" target=\"_blank\"><i class=\"font-icon icon-cart2 small plain\" style=\"color:#000000;\" data-color=\"#000000\" data-hover-color=\"#d8e041\"><\/i><\/a><\/div><\/div><\/div><\/div><div  class=\"be-row be-wrap clearfix \"><div  class=\"one-fourth column-block  no-background    \" data-animation=\"\" style=\"  \"><div class=\"be-custom-column-inner\"><p><a href=\"https:\/\/super.walmart.com.mx\/ip\/loratadina-sensibit-10-mg-20-tabletas\/00750129930651?from=\/search\" target=\"_blank\" rel=\"noopener\"><img class=\"aligncenter wp-image-74 size-full\" src=\"http:\/\/sensibit.com.mx\/wp-content\/uploads\/2019\/04\/Logo-Walmart.svg\" alt=\"\" width=\"220\" height=\"220\"><\/a><\/p>\n<div class=\"icon-shortcode align-center\"><a href=\"https:\/\/super.walmart.com.mx\/ip\/loratadina-sensibit-10-mg-20-tabletas\/00750129930651?from=\/search\" class=\"icon-shortcode icon-plain  \" data-animation=\"fadeIn\" target=\"_blank\"><i class=\"font-icon icon-cart2 small plain\" style=\"color:#000000;\" data-color=\"#000000\" data-hover-color=\"#d8e041\"><\/i><\/a><\/div><\/div><\/div><div  class=\"one-fourth column-block  no-background    \" data-animation=\"\" style=\"  \"><div class=\"be-custom-column-inner\"><p><a href=\"https:\/\/www.lacomer.com.mx\/lacomer\/#!\/detarticulo\/7501299306512\/0\/1321\/1\/\/\/1321?succId=287&amp;succFmt=100\" target=\"_blank\" rel=\"noopener\"><img class=\"aligncenter wp-image-69 size-full\" src=\"http:\/\/sensibit.com.mx\/wp-content\/uploads\/2019\/04\/Logo-LaComer.svg\" alt=\"\" width=\"220\" height=\"220\"><br \/>\n<\/a><\/p>\n<div class=\"icon-shortcode align-center\"><a href=\"https:\/\/www.lacomer.com.mx\/lacomer\/#!\/detarticulo\/7501299306512\/0\/1321\/1\/\/\/1321?succId=287&amp;succFmt=100\" class=\"icon-shortcode icon-plain  \" data-animation=\"fadeIn\" target=\"_blank\"><i class=\"font-icon icon-cart2 small plain\" style=\"color:#000000;\" data-color=\"#000000\" data-hover-color=\"#d8e041\"><\/i><\/a><\/div><\/div><\/div><div  class=\"one-fourth column-block  no-background    \" data-animation=\"\" style=\"  \"><div class=\"be-custom-column-inner\"><p><a href=\"https:\/\/www.chedraui.com.mx\/tabletas-sensibit-alergias-caja-con-10-tabletas-3038644\/p\" target=\"_blank\" rel=\"noopener\"><img class=\"aligncenter wp-image-68 size-full\" src=\"http:\/\/sensibit.com.mx\/wp-content\/uploads\/2019\/04\/Logo-Chedraui.svg\" alt=\"\" width=\"220\" height=\"220\"><br \/>\n<\/a><\/p>\n<div class=\"icon-shortcode align-center\"><a href=\"https:\/\/www.chedraui.com.mx\/tabletas-sensibit-alergias-caja-con-10-tabletas-3038644\/p\" class=\"icon-shortcode icon-plain  \" data-animation=\"fadeIn\" target=\"_blank\"><i class=\"font-icon icon-cart2 small plain\" style=\"color:#000000;\" data-color=\"#000000\" data-hover-color=\"#d8e041\"><\/i><\/a><\/div><\/div><\/div><div  class=\"one-fourth column-block  no-background    \" data-animation=\"\" style=\"  \"><div class=\"be-custom-column-inner\"><p><a href=\"https:\/\/www.heb.com.mx\/sensibit?_q=sensibit&amp;map=ft\" target=\"_blank\" rel=\"noopener\"><img class=\"aligncenter wp-image-72 size-full\" src=\"http:\/\/sensibit.com.mx\/wp-content\/uploads\/2019\/04\/Logo-HEB.svg\" alt=\"\" width=\"220\" height=\"220\"><br \/>\n<\/a><\/p>\n<div class=\"icon-shortcode align-center\"><a href=\"https:\/\/www.heb.com.mx\/sensibit?_q=sensibit&amp;map=ft\" class=\"icon-shortcode icon-plain  \" data-animation=\"fadeIn\" target=\"_blank\"><i class=\"font-icon icon-cart2 small plain\" style=\"color:#000000;\" data-color=\"#000000\" data-hover-color=\"#d8e041\"><\/i><\/a><\/div><\/div><\/div><\/div><\/div><\/div><div class=\"be-section         clearfix\" data-headerscheme=\"background--dark\" style=\" \" id = \"contacto\" ><div class=\"be-section-pad clearfix be-edge-padding\" style=\" padding-top:90px;padding-bottom:90px;padding-left:20%; padding-right:20%;\" data-padding-top = \"90\"><div  class=\"be-row be-wrap clearfix \"><div  class=\"one-half column-block  no-background    \" data-animation=\"\" style=\"  \"><div class=\"be-custom-column-inner\"><h4>Corporativo Liomont<\/h4>\n<p>Carretera M\u00e9xico Toluca NO. 5420 piso 12<br \/>\nCol. El Yaqui Deleg. Cuajimapla<br \/>\nC.P. 05320, M\u00e9xico D.F.<br \/>\nEdificio Espacio Santa Fe<br \/>\n(entrada Carlos Echenove esq. Carretera M\u00e9xico Toluca)<\/p>\n<p><iframe style=\"border: 0;\" src=\"https:\/\/www.google.com\/maps\/embed?pb=!1m18!1m12!1m3!1d30113.35879180498!2d-99.31785294263938!3d19.361796918177326!2m3!1f0!2f0!3f0!3m2!1i1024!2i768!4f13.1!3m3!1m2!1s0x85d2073fd47ddb41%3A0xaf6a9bd495e0df7!2sLABORATORIOS%20LIOMONT%2C%20S.A.!5e0!3m2!1ses!2smx!4v1752632291525!5m2!1ses!2smx\" width=\"600\" height=\"350\" allowfullscreen=\"allowfullscreen\"><\/iframe><\/p>\n<hr class=\"separator\" style=\"background-color:#ffffff;color:#ffffff;height:30px;width:20%;\" \/><p>\u00ae2016 Todos los derechos reservados. Laboratorios Liomont<a href=\"http:\/\/liomont.com\/aviso-de-privacidad\/\" target=\"_blank\" rel=\"noopener\"> \u00b7 Aviso de Privacidad<\/a> <a href=\"http:\/\/liomont.com\/terminos-de-uso\/\" target=\"_blank\" rel=\"noopener\"> \u00b7 T\u00e9rminos de Uso<\/a><a href=\"mapasitio.html\"> \u00b7 Mapa de Sitio<\/a> |<\/p>\n<\/div><\/div><div  class=\"one-half column-block  no-background    \" data-animation=\"\" style=\"  \"><div class=\"be-custom-column-inner\"><h4>Cont\u00e1ctanos<\/h4>\n<div role=\"form\" class=\"wpcf7\" id=\"wpcf7-f59-o1\" lang=\"en-US\" dir=\"ltr\">\n<div class=\"screen-reader-response\">\n<p role=\"status\" aria-live=\"polite\" aria-atomic=\"true\">\n<ul><\/ul>\n<\/div>\n<form action=\"\/index.php?rest_route=%2Fwp%2Fv2%2Fpages%2F12#wpcf7-f59-o1\" method=\"post\" class=\"wpcf7-form init\" novalidate=\"novalidate\" data-status=\"init\">\n<div style=\"display: none;\">\n<input type=\"hidden\" name=\"_wpcf7\" value=\"59\" \/><br \/>\n<input type=\"hidden\" name=\"_wpcf7_version\" value=\"5.3.2\" \/><br \/>\n<input type=\"hidden\" name=\"_wpcf7_locale\" value=\"en_US\" \/><br \/>\n<input type=\"hidden\" name=\"_wpcf7_unit_tag\" value=\"wpcf7-f59-o1\" \/><br \/>\n<input type=\"hidden\" name=\"_wpcf7_container_post\" value=\"0\" \/><br \/>\n<input type=\"hidden\" name=\"_wpcf7_posted_data_hash\" value=\"\" \/>\n<\/div>\n<p>Nombre<br \/>\n    <span class=\"wpcf7-form-control-wrap your-name\"><input type=\"text\" name=\"your-name\" value=\"\" size=\"40\" class=\"wpcf7-form-control wpcf7-text wpcf7-validates-as-required\" aria-required=\"true\" aria-invalid=\"false\" \/><\/span> <\/p>\n<p>Email<br \/>\n    <span class=\"wpcf7-form-control-wrap your-email\"><input type=\"email\" name=\"your-email\" value=\"\" size=\"40\" class=\"wpcf7-form-control wpcf7-text wpcf7-email wpcf7-validates-as-required wpcf7-validates-as-email\" aria-required=\"true\" aria-invalid=\"false\" \/><\/span> <\/p>\n<p>Mensaje<br \/>\n    <span class=\"wpcf7-form-control-wrap your-message\"><textarea name=\"your-message\" cols=\"40\" rows=\"10\" class=\"wpcf7-form-control wpcf7-textarea\" aria-invalid=\"false\"><\/textarea><\/span> <\/p>\n<p><input type=\"submit\" value=\"Enviar\" class=\"wpcf7-form-control wpcf7-submit\" \/><\/p>\n<div class=\"wpcf7-response-output\" aria-hidden=\"true\"><\/div>\n<\/form>\n<\/div>\n<\/div><\/div><\/div><\/div><\/div>","protected":false},"excerpt":{"rendered":"<p>Vive Libre,&nbsp;Vive sin Alergias La primera Loratadina Orodispersable en M\u00e9xico Sean bienvenidos a la p\u00e1gina alergias.com.mx en la cual encontrar\u00e1s consejos pr\u00e1cticos, que pueden auxiliar de alguna manera a todo [&hellip;]<\/p>\n<p><a href=\"https:\/\/sensibit.com.mx\/\" class=\"more-link style1-button\">Read More<\/a><\/p>","protected":false},"author":5,"featured_media":0,"parent":0,"menu_order":0,"comment_status":"open","ping_status":"closed","template":"","meta":[],"_links":{"self":[{"href":"https:\/\/sensibit.com.mx\/index.php?rest_route=\/wp\/v2\/pages\/12"}],"collection":[{"href":"https:\/\/sensibit.com.mx\/index.php?rest_route=\/wp\/v2\/pages"}],"about":[{"href":"https:\/\/sensibit.com.mx\/index.php?rest_route=\/wp\/v2\/types\/page"}],"author":[{"embeddable":true,"href":"https:\/\/sensibit.com.mx\/index.php?rest_route=\/wp\/v2\/users\/5"}],"replies":[{"embeddable":true,"href":"https:\/\/sensibit.com.mx\/index.php?rest_route=%2Fwp%2Fv2%2Fcomments&post=12"}],"version-history":[{"count":2,"href":"https:\/\/sensibit.com.mx\/index.php?rest_route=\/wp\/v2\/pages\/12\/revisions"}],"predecessor-version":[{"id":89,"href":"https:\/\/sensibit.com.mx\/index.php?rest_route=\/wp\/v2\/pages\/12\/revisions\/89"}],"wp:attachment":[{"href":"https:\/\/sensibit.com.mx\/index.php?rest_route=%2Fwp%2Fv2%2Fmedia&parent=12"}],"curies":[{"name":"wp","href":"https:\/\/api.w.org\/{rel}","templated":true}]}}